{"id":6276,"date":"2022-03-17T18:48:30","date_gmt":"2022-03-17T18:48:30","guid":{"rendered":"https:\/\/www.hotel-ribno.si\/i-media-su-di-noi\/"},"modified":"2022-03-17T18:48:30","modified_gmt":"2022-03-17T18:48:30","slug":"i-media-su-di-noi","status":"publish","type":"page","link":"https:\/\/www.hotel-ribno.si\/it\/i-media-su-di-noi\/","title":{"rendered":"I media su di noi"},"content":{"rendered":"\t\t<div data-elementor-type=\"wp-page\" data-elementor-id=\"6276\" class=\"elementor elementor-6276 elementor-4087\" data-elementor-post-type=\"page\">\n\t\t\t\t\t\t<section class=\"elementor-section elementor-top-section elementor-element elementor-element-43dbdc5 elementor-section-full_width elementor-section-height-min-height elementor-section-items-bottom elementor-section-height-default\" data-id=\"43dbdc5\" data-element_type=\"section\" data-e-type=\"section\" data-settings=\"{&quot;jet_parallax_layout_list&quot;:[{&quot;jet_parallax_layout_image&quot;:{&quot;url&quot;:&quot;&quot;,&quot;id&quot;:&quot;&quot;,&quot;size&quot;:&quot;&quot;},&quot;_id&quot;:&quot;91200c1&quot;,&quot;jet_parallax_layout_image_laptop&quot;:{&quot;url&quot;:&quot;&quot;,&quot;id&quot;:&quot;&quot;,&quot;size&quot;:&quot;&quot;},&quot;jet_parallax_layout_image_tablet&quot;:{&quot;url&quot;:&quot;&quot;,&quot;id&quot;:&quot;&quot;,&quot;size&quot;:&quot;&quot;},&quot;jet_parallax_layout_image_mobile&quot;:{&quot;url&quot;:&quot;&quot;,&quot;id&quot;:&quot;&quot;,&quot;size&quot;:&quot;&quot;},&quot;jet_parallax_layout_speed&quot;:{&quot;unit&quot;:&quot;%&quot;,&quot;size&quot;:50,&quot;sizes&quot;:[]},&quot;jet_parallax_layout_type&quot;:&quot;scroll&quot;,&quot;jet_parallax_layout_direction&quot;:&quot;1&quot;,&quot;jet_parallax_layout_fx_direction&quot;:null,&quot;jet_parallax_layout_z_index&quot;:&quot;&quot;,&quot;jet_parallax_layout_bg_x&quot;:50,&quot;jet_parallax_layout_bg_x_laptop&quot;:&quot;&quot;,&quot;jet_parallax_layout_bg_x_tablet&quot;:&quot;&quot;,&quot;jet_parallax_layout_bg_x_mobile&quot;:&quot;&quot;,&quot;jet_parallax_layout_bg_y&quot;:50,&quot;jet_parallax_layout_bg_y_laptop&quot;:&quot;&quot;,&quot;jet_parallax_layout_bg_y_tablet&quot;:&quot;&quot;,&quot;jet_parallax_layout_bg_y_mobile&quot;:&quot;&quot;,&quot;jet_parallax_layout_bg_size&quot;:&quot;auto&quot;,&quot;jet_parallax_layout_bg_size_laptop&quot;:&quot;&quot;,&quot;jet_parallax_layout_bg_size_tablet&quot;:&quot;&quot;,&quot;jet_parallax_layout_bg_size_mobile&quot;:&quot;&quot;,&quot;jet_parallax_layout_animation_prop&quot;:&quot;transform&quot;,&quot;jet_parallax_layout_on&quot;:[&quot;desktop&quot;,&quot;tablet&quot;]}],&quot;background_background&quot;:&quot;classic&quot;}\">\n\t\t\t\t\t\t\t<div class=\"elementor-background-overlay\"><\/div>\n\t\t\t\t\t\t\t<div class=\"elementor-container elementor-column-gap-default\">\n\t\t\t\t\t<div class=\"elementor-column elementor-col-100 elementor-top-column elementor-element elementor-element-810e1de\" data-id=\"810e1de\" data-element_type=\"column\" data-e-type=\"column\">\n\t\t\t<div class=\"elementor-widget-wrap elementor-element-populated\">\n\t\t\t\t\t\t<section class=\"elementor-section elementor-inner-section elementor-element elementor-element-8c7af69 elementor-section-boxed elementor-section-height-default elementor-section-height-default\" data-id=\"8c7af69\" data-element_type=\"section\" data-e-type=\"section\" data-settings=\"{&quot;jet_parallax_layout_list&quot;:[{&quot;jet_parallax_layout_image&quot;:{&quot;url&quot;:&quot;&quot;,&quot;id&quot;:&quot;&quot;,&quot;size&quot;:&quot;&quot;},&quot;_id&quot;:&quot;4db24d1&quot;,&quot;jet_parallax_layout_image_laptop&quot;:{&quot;url&quot;:&quot;&quot;,&quot;id&quot;:&quot;&quot;,&quot;size&quot;:&quot;&quot;},&quot;jet_parallax_layout_image_tablet&quot;:{&quot;url&quot;:&quot;&quot;,&quot;id&quot;:&quot;&quot;,&quot;size&quot;:&quot;&quot;},&quot;jet_parallax_layout_image_mobile&quot;:{&quot;url&quot;:&quot;&quot;,&quot;id&quot;:&quot;&quot;,&quot;size&quot;:&quot;&quot;},&quot;jet_parallax_layout_speed&quot;:{&quot;unit&quot;:&quot;%&quot;,&quot;size&quot;:50,&quot;sizes&quot;:[]},&quot;jet_parallax_layout_type&quot;:&quot;scroll&quot;,&quot;jet_parallax_layout_direction&quot;:&quot;1&quot;,&quot;jet_parallax_layout_fx_direction&quot;:null,&quot;jet_parallax_layout_z_index&quot;:&quot;&quot;,&quot;jet_parallax_layout_bg_x&quot;:50,&quot;jet_parallax_layout_bg_x_laptop&quot;:&quot;&quot;,&quot;jet_parallax_layout_bg_x_tablet&quot;:&quot;&quot;,&quot;jet_parallax_layout_bg_x_mobile&quot;:&quot;&quot;,&quot;jet_parallax_layout_bg_y&quot;:50,&quot;jet_parallax_layout_bg_y_laptop&quot;:&quot;&quot;,&quot;jet_parallax_layout_bg_y_tablet&quot;:&quot;&quot;,&quot;jet_parallax_layout_bg_y_mobile&quot;:&quot;&quot;,&quot;jet_parallax_layout_bg_size&quot;:&quot;auto&quot;,&quot;jet_parallax_layout_bg_size_laptop&quot;:&quot;&quot;,&quot;jet_parallax_layout_bg_size_tablet&quot;:&quot;&quot;,&quot;jet_parallax_layout_bg_size_mobile&quot;:&quot;&quot;,&quot;jet_parallax_layout_animation_prop&quot;:&quot;transform&quot;,&quot;jet_parallax_layout_on&quot;:[&quot;desktop&quot;,&quot;tablet&quot;]}]}\">\n\t\t\t\t\t\t<div class=\"elementor-container elementor-column-gap-wide\">\n\t\t\t\t\t<div class=\"elementor-column elementor-col-100 elementor-inner-column elementor-element elementor-element-b8f72f6\" data-id=\"b8f72f6\" data-element_type=\"column\" data-e-type=\"column\">\n\t\t\t<div class=\"elementor-widget-wrap elementor-element-populated\">\n\t\t\t\t\t\t<div class=\"elementor-element elementor-element-af7bd53 elementor-widget elementor-widget-heading\" data-id=\"af7bd53\" data-element_type=\"widget\" data-e-type=\"widget\" data-widget_type=\"heading.default\">\n\t\t\t\t<div class=\"elementor-widget-container\">\n\t\t\t\t\t<h1 class=\"elementor-heading-title elementor-size-default\">I media su di noi<\/h1>\t\t\t\t<\/div>\n\t\t\t\t<\/div>\n\t\t\t\t\t<\/div>\n\t\t<\/div>\n\t\t\t\t\t<\/div>\n\t\t<\/section>\n\t\t\t\t\t<\/div>\n\t\t<\/div>\n\t\t\t\t\t<\/div>\n\t\t<\/section>\n\t\t\t\t<section class=\"elementor-section elementor-top-section elementor-element elementor-element-9901072 elementor-section-boxed elementor-section-height-default elementor-section-height-default\" data-id=\"9901072\" data-element_type=\"section\" data-e-type=\"section\" data-settings=\"{&quot;jet_parallax_layout_list&quot;:[{&quot;jet_parallax_layout_image&quot;:{&quot;url&quot;:&quot;&quot;,&quot;id&quot;:&quot;&quot;,&quot;size&quot;:&quot;&quot;},&quot;_id&quot;:&quot;1f359df&quot;,&quot;jet_parallax_layout_image_laptop&quot;:{&quot;url&quot;:&quot;&quot;,&quot;id&quot;:&quot;&quot;,&quot;size&quot;:&quot;&quot;},&quot;jet_parallax_layout_image_tablet&quot;:{&quot;url&quot;:&quot;&quot;,&quot;id&quot;:&quot;&quot;,&quot;size&quot;:&quot;&quot;},&quot;jet_parallax_layout_image_mobile&quot;:{&quot;url&quot;:&quot;&quot;,&quot;id&quot;:&quot;&quot;,&quot;size&quot;:&quot;&quot;},&quot;jet_parallax_layout_speed&quot;:{&quot;unit&quot;:&quot;%&quot;,&quot;size&quot;:50,&quot;sizes&quot;:[]},&quot;jet_parallax_layout_type&quot;:&quot;scroll&quot;,&quot;jet_parallax_layout_direction&quot;:&quot;1&quot;,&quot;jet_parallax_layout_fx_direction&quot;:null,&quot;jet_parallax_layout_z_index&quot;:&quot;&quot;,&quot;jet_parallax_layout_bg_x&quot;:50,&quot;jet_parallax_layout_bg_x_laptop&quot;:&quot;&quot;,&quot;jet_parallax_layout_bg_x_tablet&quot;:&quot;&quot;,&quot;jet_parallax_layout_bg_x_mobile&quot;:&quot;&quot;,&quot;jet_parallax_layout_bg_y&quot;:50,&quot;jet_parallax_layout_bg_y_laptop&quot;:&quot;&quot;,&quot;jet_parallax_layout_bg_y_tablet&quot;:&quot;&quot;,&quot;jet_parallax_layout_bg_y_mobile&quot;:&quot;&quot;,&quot;jet_parallax_layout_bg_size&quot;:&quot;auto&quot;,&quot;jet_parallax_layout_bg_size_laptop&quot;:&quot;&quot;,&quot;jet_parallax_layout_bg_size_tablet&quot;:&quot;&quot;,&quot;jet_parallax_layout_bg_size_mobile&quot;:&quot;&quot;,&quot;jet_parallax_layout_animation_prop&quot;:&quot;transform&quot;,&quot;jet_parallax_layout_on&quot;:[&quot;desktop&quot;,&quot;tablet&quot;]}],&quot;background_background&quot;:&quot;classic&quot;}\">\n\t\t\t\t\t\t<div class=\"elementor-container elementor-column-gap-wide\">\n\t\t\t\t\t<div class=\"elementor-column elementor-col-100 elementor-top-column elementor-element elementor-element-6db84aa\" data-id=\"6db84aa\" data-element_type=\"column\" data-e-type=\"column\">\n\t\t\t<div class=\"elementor-widget-wrap elementor-element-populated\">\n\t\t\t\t\t\t<section class=\"elementor-section elementor-inner-section elementor-element elementor-element-a16bcaa elementor-section-full_width elementor-section-height-default elementor-section-height-default\" data-id=\"a16bcaa\" data-element_type=\"section\" data-e-type=\"section\" data-settings=\"{&quot;jet_parallax_layout_list&quot;:[{&quot;jet_parallax_layout_image&quot;:{&quot;url&quot;:&quot;&quot;,&quot;id&quot;:&quot;&quot;,&quot;size&quot;:&quot;&quot;},&quot;_id&quot;:&quot;959384b&quot;,&quot;jet_parallax_layout_image_laptop&quot;:{&quot;url&quot;:&quot;&quot;,&quot;id&quot;:&quot;&quot;,&quot;size&quot;:&quot;&quot;},&quot;jet_parallax_layout_image_tablet&quot;:{&quot;url&quot;:&quot;&quot;,&quot;id&quot;:&quot;&quot;,&quot;size&quot;:&quot;&quot;},&quot;jet_parallax_layout_image_mobile&quot;:{&quot;url&quot;:&quot;&quot;,&quot;id&quot;:&quot;&quot;,&quot;size&quot;:&quot;&quot;},&quot;jet_parallax_layout_speed&quot;:{&quot;unit&quot;:&quot;%&quot;,&quot;size&quot;:50,&quot;sizes&quot;:[]},&quot;jet_parallax_layout_type&quot;:&quot;scroll&quot;,&quot;jet_parallax_layout_direction&quot;:&quot;1&quot;,&quot;jet_parallax_layout_fx_direction&quot;:null,&quot;jet_parallax_layout_z_index&quot;:&quot;&quot;,&quot;jet_parallax_layout_bg_x&quot;:50,&quot;jet_parallax_layout_bg_x_laptop&quot;:&quot;&quot;,&quot;jet_parallax_layout_bg_x_tablet&quot;:&quot;&quot;,&quot;jet_parallax_layout_bg_x_mobile&quot;:&quot;&quot;,&quot;jet_parallax_layout_bg_y&quot;:50,&quot;jet_parallax_layout_bg_y_laptop&quot;:&quot;&quot;,&quot;jet_parallax_layout_bg_y_tablet&quot;:&quot;&quot;,&quot;jet_parallax_layout_bg_y_mobile&quot;:&quot;&quot;,&quot;jet_parallax_layout_bg_size&quot;:&quot;auto&quot;,&quot;jet_parallax_layout_bg_size_laptop&quot;:&quot;&quot;,&quot;jet_parallax_layout_bg_size_tablet&quot;:&quot;&quot;,&quot;jet_parallax_layout_bg_size_mobile&quot;:&quot;&quot;,&quot;jet_parallax_layout_animation_prop&quot;:&quot;transform&quot;,&quot;jet_parallax_layout_on&quot;:[&quot;desktop&quot;,&quot;tablet&quot;]}]}\">\n\t\t\t\t\t\t<div class=\"elementor-container elementor-column-gap-wider\">\n\t\t\t\t\t<div class=\"elementor-column elementor-col-100 elementor-inner-column elementor-element elementor-element-bac550e\" data-id=\"bac550e\" data-element_type=\"column\" data-e-type=\"column\">\n\t\t\t<div class=\"elementor-widget-wrap elementor-element-populated\">\n\t\t\t\t\t\t<div class=\"elementor-element elementor-element-e1aa59f elementor-widget elementor-widget-heading\" data-id=\"e1aa59f\" data-element_type=\"widget\" data-e-type=\"widget\" data-widget_type=\"heading.default\">\n\t\t\t\t<div class=\"elementor-widget-container\">\n\t\t\t\t\t<h2 class=\"elementor-heading-title elementor-size-default\">Una buona parola si sta spargendo su di noi<\/h2>\t\t\t\t<\/div>\n\t\t\t\t<\/div>\n\t\t\t\t<div class=\"elementor-element elementor-element-002ef2b elementor-widget elementor-widget-text-editor\" data-id=\"002ef2b\" data-element_type=\"widget\" data-e-type=\"widget\" data-widget_type=\"text-editor.default\">\n\t\t\t\t<div class=\"elementor-widget-container\">\n\t\t\t\t\t\t\t\t\t<ul>\n<li><a href=\"https:\/\/www.rtvslo.si\/4d\/arhiv\/174724561?s=mmc&amp;t=65\" target=\"_blank\" rel=\"noopener\" data-saferedirecturl=\"https:\/\/www.google.com\/url?q=https:\/\/www.rtvslo.si\/4d\/arhiv\/174724561?s%3Dmmc%26t%3D65&amp;source=gmail&amp;ust=1645883584687000&amp;usg=AOvVaw3frILn24CQWp95fRmFDq7C\">Valjavec popeljal nagrajence na kolesarsko turo, RTV SLO<\/a><\/li>\n<li><a href=\"http:\/\/4d.rtvslo.si\/arhiv\/na-lepse-oddaja-o-turizmu\/174430179\" target=\"_blank\" rel=\"noopener\" data-saferedirecturl=\"https:\/\/www.google.com\/url?q=http:\/\/4d.rtvslo.si\/arhiv\/na-lepse-oddaja-o-turizmu\/174430179&amp;source=gmail&amp;ust=1645883584687000&amp;usg=AOvVaw0NzD3sX1bOn065ofXBGwt6\">Na lep\u0161e, RTV SLO<\/a><\/li>\n<li><a href=\"http:\/\/www.24ur.com\/novice\/slovenija\/glamurozno-kampiranje.html\" target=\"_blank\" rel=\"noopener\" data-saferedirecturl=\"https:\/\/www.google.com\/url?q=http:\/\/www.24ur.com\/novice\/slovenija\/glamurozno-kampiranje.html&amp;source=gmail&amp;ust=1645883584687000&amp;usg=AOvVaw3oY15r5GxG9WkZC2SczKzz\">24ur, POP TV<\/a><\/li>\n<li><a href=\"http:\/\/4d.rtvslo.si\/arhiv\/poletna-scena-prispevki\/174418709\" target=\"_blank\" rel=\"noopener\" data-saferedirecturl=\"https:\/\/www.google.com\/url?q=http:\/\/4d.rtvslo.si\/arhiv\/poletna-scena-prispevki\/174418709&amp;source=gmail&amp;ust=1645883584687000&amp;usg=AOvVaw1qP4fJ3j03dggqKrpYjbR7\">Poletna scena, RTV SLO<\/a><\/li>\n<li><a href=\"http:\/\/www.rtvslo.si\/moja-generacija\/prosti-cas\/ture-avanture\/foto-bled-bogatejsi-se-za-tretji-glamping\/398001\" target=\"_blank\" rel=\"noopener\" data-saferedirecturl=\"https:\/\/www.google.com\/url?q=http:\/\/www.rtvslo.si\/moja-generacija\/prosti-cas\/ture-avanture\/foto-bled-bogatejsi-se-za-tretji-glamping\/398001&amp;source=gmail&amp;ust=1645883584687000&amp;usg=AOvVaw1rCE8fM7ZoDxSXLQVaC7eJ\">MMC, RTV SLO<\/a><\/li>\n<li><a href=\"http:\/\/siol.net\/trendi\/odkrivaj-slovenijo\/ideja-za-konec-tedna-manj-znani-blejski-brat-422507\" target=\"_blank\" rel=\"noopener\" data-saferedirecturl=\"https:\/\/www.google.com\/url?q=http:\/\/siol.net\/trendi\/odkrivaj-slovenijo\/ideja-za-konec-tedna-manj-znani-blejski-brat-422507&amp;source=gmail&amp;ust=1645883584687000&amp;usg=AOvVaw0wfGUa_4m1XpE8Iv_b6U_0\">Siol.net<\/a><\/li>\n<li><a href=\"http:\/\/www.gorenjskiglas.si\/article\/20160802\/C\/160809960\/1082\/1167\/gravner-in-glamping-\" target=\"_blank\" rel=\"noopener\" data-saferedirecturl=\"https:\/\/www.google.com\/url?q=http:\/\/www.gorenjskiglas.si\/article\/20160802\/C\/160809960\/1082\/1167\/gravner-in-glamping-&amp;source=gmail&amp;ust=1645883584687000&amp;usg=AOvVaw0vqQn3e6MgxHkQxrv52NiV\">Gorenjski glas<\/a><\/li>\n<li><a href=\"http:\/\/www.times.si\/ideja-za-konec-tedna-manj-znani-blejski-brat--5104f57fbd0bc5b23d07032b1fd60d0fe43351f7.htm\" target=\"_blank\" rel=\"noopener\" data-saferedirecturl=\"https:\/\/www.google.com\/url?q=http:\/\/www.times.si\/ideja-za-konec-tedna-manj-znani-blejski-brat--5104f57fbd0bc5b23d07032b1fd60d0fe43351f7.htm&amp;source=gmail&amp;ust=1645883584687000&amp;usg=AOvVaw3aof6oX93N3S16ytgMOlhb\">Times.si<\/a><\/li>\n<li><a href=\"http:\/\/www.etiketamagazin.com\/lifestyle\/nove-glamping-hiske-v-ribnem-na-bledu\/\" target=\"_blank\" rel=\"noopener\" data-saferedirecturl=\"https:\/\/www.google.com\/url?q=http:\/\/www.etiketamagazin.com\/lifestyle\/nove-glamping-hiske-v-ribnem-na-bledu\/&amp;source=gmail&amp;ust=1645883584687000&amp;usg=AOvVaw2HfiBsJ6v6iHpod3scOaTe\">Etiketa Magazin<\/a><\/li>\n<li><a href=\"http:\/\/www.fijet.si\/si\/Po_Sloveniji\/Glamping_Ribno_Bled\/\" target=\"_blank\" rel=\"noopener\" data-saferedirecturl=\"https:\/\/www.google.com\/url?q=http:\/\/www.fijet.si\/si\/Po_Sloveniji\/Glamping_Ribno_Bled\/&amp;source=gmail&amp;ust=1645883584687000&amp;usg=AOvVaw04Z_8fT_E0yz3586pcL9wg\">Fijet Slovenija<\/a> (Zdru\u017eenje turisti\u010dnih novinarjev)<\/li>\n<li><a href=\"http:\/\/citymagazine.si\/tag\/glamping\/\" target=\"_blank\" rel=\"noopener\" data-saferedirecturl=\"https:\/\/www.google.com\/url?q=http:\/\/citymagazine.si\/tag\/glamping\/&amp;source=gmail&amp;ust=1645883584687000&amp;usg=AOvVaw2HYjQ7dCVCmT8WGRW485Ou\">City Magazine<\/a><\/li>\n<li><a href=\"http:\/\/tumagazin.rs\/luksuz-i-priroda-u-sred-slovenackih-suma-na-jezeru-bled\/\" target=\"_blank\" rel=\"noopener\" data-saferedirecturl=\"https:\/\/www.google.com\/url?q=http:\/\/tumagazin.rs\/luksuz-i-priroda-u-sred-slovenackih-suma-na-jezeru-bled\/&amp;source=gmail&amp;ust=1645883584687000&amp;usg=AOvVaw0NOlIHNz9POs1uJCU-TzQq\">TU! Magazin<\/a> (Srbija)<\/li>\n<li><a href=\"https:\/\/uploads-ssl.webflow.com\/59ac47477353c500017628b6\/59bbcb79186a9200014f06cf_Finance.pdf\" target=\"_blank\" rel=\"noopener\" data-saferedirecturl=\"https:\/\/www.google.com\/url?q=https:\/\/uploads-ssl.webflow.com\/59ac47477353c500017628b6\/59bbcb79186a9200014f06cf_Finance.pdf&amp;source=gmail&amp;ust=1645883584687000&amp;usg=AOvVaw0UmcmRl5NnPWWostNjVSw_\">\u010casnik Finance<\/a><\/li>\n<li><a href=\"https:\/\/uploads-ssl.webflow.com\/59ac47477353c500017628b6\/59bbcb75a1281d000188332c_Zarja.pdf\" target=\"_blank\" rel=\"noopener\" data-saferedirecturl=\"https:\/\/www.google.com\/url?q=https:\/\/uploads-ssl.webflow.com\/59ac47477353c500017628b6\/59bbcb75a1281d000188332c_Zarja.pdf&amp;source=gmail&amp;ust=1645883584687000&amp;usg=AOvVaw3JrBQP_lfjYlWXzLOs-CIq\">Revija Zarja<\/a> (\u010dlanek) <a href=\"http:\/\/revijazarja.si\/clanek\/nasveti\/57a9d38ace8f2\/razvajanje-v-naravi\" target=\"_blank\" rel=\"noopener\" data-saferedirecturl=\"https:\/\/www.google.com\/url?q=http:\/\/revijazarja.si\/clanek\/nasveti\/57a9d38ace8f2\/razvajanje-v-naravi&amp;source=gmail&amp;ust=1645883584687000&amp;usg=AOvVaw1hvfVLQ7CrWKTJgH_7im5E\">Revija Zarja<\/a> (spletna objava)<\/li>\n<li><a href=\"https:\/\/uploads-ssl.webflow.com\/59ac47477353c500017628b6\/59bbcb75a353f20001c43ab2_Zvezde.pdf\" target=\"_blank\" rel=\"noopener\" data-saferedirecturl=\"https:\/\/www.google.com\/url?q=https:\/\/uploads-ssl.webflow.com\/59ac47477353c500017628b6\/59bbcb75a353f20001c43ab2_Zvezde.pdf&amp;source=gmail&amp;ust=1645883584687000&amp;usg=AOvVaw0E_silNenk_NB9Wpw3L9ZL\">Revija Zvezde<\/a><\/li>\n<li><a href=\"https:\/\/uploads-ssl.webflow.com\/59ac47477353c500017628b6\/59bbcb79b48d1f0001b0a69b_Dom2.pdf\" target=\"_blank\" rel=\"noopener\" data-saferedirecturl=\"https:\/\/www.google.com\/url?q=https:\/\/uploads-ssl.webflow.com\/59ac47477353c500017628b6\/59bbcb79b48d1f0001b0a69b_Dom2.pdf&amp;source=gmail&amp;ust=1645883584688000&amp;usg=AOvVaw2jFAD2fpBQVR0m-8PJGuo7\">Revija Dom<\/a><\/li>\n<li><a href=\"https:\/\/uploads-ssl.webflow.com\/59ac47477353c500017628b6\/59bbcb7cb48d1f0001b0a69c_Avenija.pdf\" target=\"_blank\" rel=\"noopener\" data-saferedirecturl=\"https:\/\/www.google.com\/url?q=https:\/\/uploads-ssl.webflow.com\/59ac47477353c500017628b6\/59bbcb7cb48d1f0001b0a69c_Avenija.pdf&amp;source=gmail&amp;ust=1645883584688000&amp;usg=AOvVaw3KOjusozdbFKI5FfSwPUzL\">Revija Avenija<\/a><\/li>\n<\/ul>\n\t\t\t\t\t\t\t\t<\/div>\n\t\t\t\t<\/div>\n\t\t\t\t\t<\/div>\n\t\t<\/div>\n\t\t\t\t\t<\/div>\n\t\t<\/section>\n\t\t\t\t\t<\/div>\n\t\t<\/div>\n\t\t\t\t\t<\/div>\n\t\t<\/section>\n\t\t\t\t<\/div>\n\t\t","protected":false},"excerpt":{"rendered":"<p>I media su di noi Una buona parola si sta spargendo su di noi Valjavec popeljal nagrajence na kolesarsko turo, RTV SLO Na lep\u0161e, RTV SLO 24ur, POP TV Poletna scena, RTV SLO MMC, RTV SLO Siol.net Gorenjski glas Times.si Etiketa Magazin Fijet Slovenija (Zdru\u017eenje turisti\u010dnih novinarjev) City Magazine TU! Magazin (Srbija) \u010casnik Finance Revija [&hellip;]<\/p>\n","protected":false},"author":1,"featured_media":0,"parent":0,"menu_order":0,"comment_status":"closed","ping_status":"closed","template":"","meta":{"footnotes":""},"class_list":["post-6276","page","type-page","status-publish","hentry"],"yoast_head":"<!-- This site is optimized with the Yoast SEO plugin v26.9 - https:\/\/yoast.com\/product\/yoast-seo-wordpress\/ -->\n<title>I media su di noi - Ribno Alpine Resort<\/title>\n<meta name=\"description\" content=\"Una buona parola si sta spargendo su di noi. Leggi cosa scrivono di noi gli altri media. Visita i loro post online e scopri di pi\u00f9.\" \/>\n<meta name=\"robots\" content=\"index, follow, max-snippet:-1, max-image-preview:large, max-video-preview:-1\" \/>\n<link rel=\"canonical\" href=\"https:\/\/www.hotel-ribno.si\/it\/i-media-su-di-noi\/\" \/>\n<meta property=\"og:locale\" content=\"it_IT\" \/>\n<meta property=\"og:type\" content=\"article\" \/>\n<meta property=\"og:title\" content=\"I media su di noi - Ribno Alpine Resort\" \/>\n<meta property=\"og:description\" content=\"Una buona parola si sta spargendo su di noi. Leggi cosa scrivono di noi gli altri media. Visita i loro post online e scopri di pi\u00f9.\" \/>\n<meta property=\"og:url\" content=\"https:\/\/www.hotel-ribno.si\/it\/i-media-su-di-noi\/\" \/>\n<meta property=\"og:site_name\" content=\"Ribno Alpine Resort\" \/>\n<meta property=\"article:publisher\" content=\"https:\/\/www.facebook.com\/HotelRibno\/\" \/>\n<meta name=\"twitter:card\" content=\"summary_large_image\" \/>\n<script type=\"application\/ld+json\" class=\"yoast-schema-graph\">{\"@context\":\"https:\/\/schema.org\",\"@graph\":[{\"@type\":\"WebPage\",\"@id\":\"https:\/\/www.hotel-ribno.si\/it\/i-media-su-di-noi\/\",\"url\":\"https:\/\/www.hotel-ribno.si\/it\/i-media-su-di-noi\/\",\"name\":\"I media su di noi - Ribno Alpine Resort\",\"isPartOf\":{\"@id\":\"https:\/\/www.hotel-ribno.si\/it\/#website\"},\"datePublished\":\"2022-03-17T18:48:30+00:00\",\"description\":\"Una buona parola si sta spargendo su di noi. Leggi cosa scrivono di noi gli altri media. Visita i loro post online e scopri di pi\u00f9.\",\"breadcrumb\":{\"@id\":\"https:\/\/www.hotel-ribno.si\/it\/i-media-su-di-noi\/#breadcrumb\"},\"inLanguage\":\"it-IT\",\"potentialAction\":[{\"@type\":\"ReadAction\",\"target\":[\"https:\/\/www.hotel-ribno.si\/it\/i-media-su-di-noi\/\"]}]},{\"@type\":\"BreadcrumbList\",\"@id\":\"https:\/\/www.hotel-ribno.si\/it\/i-media-su-di-noi\/#breadcrumb\",\"itemListElement\":[{\"@type\":\"ListItem\",\"position\":1,\"name\":\"Home\",\"item\":\"https:\/\/www.hotel-ribno.si\/it\/\"},{\"@type\":\"ListItem\",\"position\":2,\"name\":\"I media su di noi\"}]},{\"@type\":\"WebSite\",\"@id\":\"https:\/\/www.hotel-ribno.si\/it\/#website\",\"url\":\"https:\/\/www.hotel-ribno.si\/it\/\",\"name\":\"Ribno Alpine Resort\",\"description\":\"Hotel &amp; Glamping\",\"publisher\":{\"@id\":\"https:\/\/www.hotel-ribno.si\/it\/#organization\"},\"potentialAction\":[{\"@type\":\"SearchAction\",\"target\":{\"@type\":\"EntryPoint\",\"urlTemplate\":\"https:\/\/www.hotel-ribno.si\/it\/?s={search_term_string}\"},\"query-input\":{\"@type\":\"PropertyValueSpecification\",\"valueRequired\":true,\"valueName\":\"search_term_string\"}}],\"inLanguage\":\"it-IT\"},{\"@type\":\"Organization\",\"@id\":\"https:\/\/www.hotel-ribno.si\/it\/#organization\",\"name\":\"Ribno Alpine Resort\",\"url\":\"https:\/\/www.hotel-ribno.si\/it\/\",\"logo\":{\"@type\":\"ImageObject\",\"inLanguage\":\"it-IT\",\"@id\":\"https:\/\/www.hotel-ribno.si\/it\/#\/schema\/logo\/image\/\",\"url\":\"https:\/\/www.hotel-ribno.si\/wp-content\/uploads\/2021\/12\/Group-141.svg\",\"contentUrl\":\"https:\/\/www.hotel-ribno.si\/wp-content\/uploads\/2021\/12\/Group-141.svg\",\"width\":230,\"height\":154.691,\"caption\":\"Ribno Alpine Resort\"},\"image\":{\"@id\":\"https:\/\/www.hotel-ribno.si\/it\/#\/schema\/logo\/image\/\"},\"sameAs\":[\"https:\/\/www.facebook.com\/HotelRibno\/\",\"https:\/\/www.instagram.com\/hotelribnobled\/\"]}]}<\/script>\n<!-- \/ Yoast SEO plugin. -->","yoast_head_json":{"title":"I media su di noi - Ribno Alpine Resort","description":"Una buona parola si sta spargendo su di noi. Leggi cosa scrivono di noi gli altri media. Visita i loro post online e scopri di pi\u00f9.","robots":{"index":"index","follow":"follow","max-snippet":"max-snippet:-1","max-image-preview":"max-image-preview:large","max-video-preview":"max-video-preview:-1"},"canonical":"https:\/\/www.hotel-ribno.si\/it\/i-media-su-di-noi\/","og_locale":"it_IT","og_type":"article","og_title":"I media su di noi - Ribno Alpine Resort","og_description":"Una buona parola si sta spargendo su di noi. Leggi cosa scrivono di noi gli altri media. Visita i loro post online e scopri di pi\u00f9.","og_url":"https:\/\/www.hotel-ribno.si\/it\/i-media-su-di-noi\/","og_site_name":"Ribno Alpine Resort","article_publisher":"https:\/\/www.facebook.com\/HotelRibno\/","twitter_card":"summary_large_image","schema":{"@context":"https:\/\/schema.org","@graph":[{"@type":"WebPage","@id":"https:\/\/www.hotel-ribno.si\/it\/i-media-su-di-noi\/","url":"https:\/\/www.hotel-ribno.si\/it\/i-media-su-di-noi\/","name":"I media su di noi - Ribno Alpine Resort","isPartOf":{"@id":"https:\/\/www.hotel-ribno.si\/it\/#website"},"datePublished":"2022-03-17T18:48:30+00:00","description":"Una buona parola si sta spargendo su di noi. Leggi cosa scrivono di noi gli altri media. Visita i loro post online e scopri di pi\u00f9.","breadcrumb":{"@id":"https:\/\/www.hotel-ribno.si\/it\/i-media-su-di-noi\/#breadcrumb"},"inLanguage":"it-IT","potentialAction":[{"@type":"ReadAction","target":["https:\/\/www.hotel-ribno.si\/it\/i-media-su-di-noi\/"]}]},{"@type":"BreadcrumbList","@id":"https:\/\/www.hotel-ribno.si\/it\/i-media-su-di-noi\/#breadcrumb","itemListElement":[{"@type":"ListItem","position":1,"name":"Home","item":"https:\/\/www.hotel-ribno.si\/it\/"},{"@type":"ListItem","position":2,"name":"I media su di noi"}]},{"@type":"WebSite","@id":"https:\/\/www.hotel-ribno.si\/it\/#website","url":"https:\/\/www.hotel-ribno.si\/it\/","name":"Ribno Alpine Resort","description":"Hotel &amp; Glamping","publisher":{"@id":"https:\/\/www.hotel-ribno.si\/it\/#organization"},"potentialAction":[{"@type":"SearchAction","target":{"@type":"EntryPoint","urlTemplate":"https:\/\/www.hotel-ribno.si\/it\/?s={search_term_string}"},"query-input":{"@type":"PropertyValueSpecification","valueRequired":true,"valueName":"search_term_string"}}],"inLanguage":"it-IT"},{"@type":"Organization","@id":"https:\/\/www.hotel-ribno.si\/it\/#organization","name":"Ribno Alpine Resort","url":"https:\/\/www.hotel-ribno.si\/it\/","logo":{"@type":"ImageObject","inLanguage":"it-IT","@id":"https:\/\/www.hotel-ribno.si\/it\/#\/schema\/logo\/image\/","url":"https:\/\/www.hotel-ribno.si\/wp-content\/uploads\/2021\/12\/Group-141.svg","contentUrl":"https:\/\/www.hotel-ribno.si\/wp-content\/uploads\/2021\/12\/Group-141.svg","width":230,"height":154.691,"caption":"Ribno Alpine Resort"},"image":{"@id":"https:\/\/www.hotel-ribno.si\/it\/#\/schema\/logo\/image\/"},"sameAs":["https:\/\/www.facebook.com\/HotelRibno\/","https:\/\/www.instagram.com\/hotelribnobled\/"]}]}},"_links":{"self":[{"href":"https:\/\/www.hotel-ribno.si\/it\/wp-json\/wp\/v2\/pages\/6276","targetHints":{"allow":["GET"]}}],"collection":[{"href":"https:\/\/www.hotel-ribno.si\/it\/wp-json\/wp\/v2\/pages"}],"about":[{"href":"https:\/\/www.hotel-ribno.si\/it\/wp-json\/wp\/v2\/types\/page"}],"author":[{"embeddable":true,"href":"https:\/\/www.hotel-ribno.si\/it\/wp-json\/wp\/v2\/users\/1"}],"replies":[{"embeddable":true,"href":"https:\/\/www.hotel-ribno.si\/it\/wp-json\/wp\/v2\/comments?post=6276"}],"version-history":[{"count":0,"href":"https:\/\/www.hotel-ribno.si\/it\/wp-json\/wp\/v2\/pages\/6276\/revisions"}],"wp:attachment":[{"href":"https:\/\/www.hotel-ribno.si\/it\/wp-json\/wp\/v2\/media?parent=6276"}],"curies":[{"name":"wp","href":"https:\/\/api.w.org\/{rel}","templated":true}]}}